{"id":2945,"date":"2025-07-29T17:38:35","date_gmt":"2025-07-29T09:38:35","guid":{"rendered":"https:\/\/jieyobattery.com\/?post_type=product&#038;p=2945"},"modified":"2025-08-18T11:33:47","modified_gmt":"2025-08-18T03:33:47","slug":"2945","status":"publish","type":"product","link":"https:\/\/jieyobattery.com\/fr\/produit\/2945\/","title":{"rendered":"Stockage d'\u00e9nergie en rack"},"content":{"rendered":"<h4 data-start=\"99\" data-end=\"186\"><strong data-start=\"102\" data-end=\"186\">JIEYO Rack-Mounted LiFePO4 Battery Module - Alimentation fiable, int\u00e9gration transparente<\/strong><\/h4>\n<p data-start=\"188\" data-end=\"545\">La s\u00e9rie de batteries LiFePO4 mont\u00e9es en rack de JIEYO est con\u00e7ue pour les solutions professionnelles de stockage d'\u00e9nergie, offrant des performances, une s\u00e9curit\u00e9 et une \u00e9volutivit\u00e9 exceptionnelles pour les syst\u00e8mes d'alimentation modernes. Disponibles en <strong data-start=\"390\" data-end=\"414\">5kW, 7,5kW et 10kW<\/strong> Ces modules sont con\u00e7us pour r\u00e9pondre aux divers besoins des utilisateurs r\u00e9sidentiels, commerciaux et industriels du monde entier.<\/p>\n<h4 data-start=\"547\" data-end=\"605\"><strong data-start=\"551\" data-end=\"605\">Technologie lithium-phosphate de fer haute performance<\/strong><\/h4>\n<ul data-start=\"606\" data-end=\"932\">\n<li data-start=\"606\" data-end=\"636\">\n<p data-start=\"608\" data-end=\"636\"><strong data-start=\"608\" data-end=\"628\">Tension nominale :<\/strong> 51.2V<\/p>\n<\/li>\n<li data-start=\"637\" data-end=\"684\">\n<p data-start=\"639\" data-end=\"684\"><strong data-start=\"639\" data-end=\"660\">Options de capacit\u00e9 :<\/strong> 100Ah \/ 150Ah \/ 200Ah<\/p>\n<\/li>\n<li data-start=\"685\" data-end=\"752\">\n<p data-start=\"687\" data-end=\"752\"><strong data-start=\"687\" data-end=\"705\">Rendement \u00e9nerg\u00e9tique :<\/strong> 5120Wh, 7680Wh, jusqu'\u00e0 10240Wh (personnalisable)<\/p>\n<\/li>\n<li data-start=\"753\" data-end=\"836\">\n<p data-start=\"755\" data-end=\"836\"><strong data-start=\"755\" data-end=\"775\">Longue dur\u00e9e de vie :<\/strong> Plus de 6000 cycles de charge\/d\u00e9charge avec une d\u00e9gradation minimale<\/p>\n<\/li>\n<li data-start=\"837\" data-end=\"932\">\n<p data-start=\"839\" data-end=\"932\"><strong data-start=\"839\" data-end=\"857\">Stable et s\u00fbr :<\/strong> La chimie LiFePO4 garantit une stabilit\u00e9 thermique et une r\u00e9sistance au feu sup\u00e9rieures.<\/p>\n<\/li>\n<\/ul>\n<h4 data-start=\"934\" data-end=\"966\"><strong data-start=\"938\" data-end=\"966\">Conception robuste pour montage en rack<\/strong><\/h4>\n<ul data-start=\"967\" data-end=\"1344\">\n<li data-start=\"967\" data-end=\"1083\">\n<p data-start=\"969\" data-end=\"1083\"><strong data-start=\"969\" data-end=\"998\">L'int\u00e9gration pour \u00e9conomiser l'espace :<\/strong> Les dimensions compactes permettent une installation sans faille dans les racks 19 pouces standardis\u00e9s.<\/p>\n<\/li>\n<li data-start=\"1084\" data-end=\"1215\">\n<p data-start=\"1086\" data-end=\"1215\"><strong data-start=\"1086\" data-end=\"1112\">L\u00e9ger et durable :<\/strong> Construction de qualit\u00e9 industrielle avec un poids allant de 45 \u00e0 90 kg, optimis\u00e9e pour la manipulation et la maintenance.<\/p>\n<\/li>\n<li data-start=\"1216\" data-end=\"1344\">\n<p data-start=\"1218\" data-end=\"1344\"><strong data-start=\"1218\" data-end=\"1242\">\u00c9volutivit\u00e9 modulaire :<\/strong> Connectez plusieurs unit\u00e9s en parall\u00e8le ou en s\u00e9rie pour augmenter la capacit\u00e9 de stockage au fur et \u00e0 mesure que vos besoins en \u00e9nergie augmentent.<\/p>\n<\/li>\n<\/ul>\n<h4 data-start=\"1346\" data-end=\"1385\"><strong data-start=\"1350\" data-end=\"1385\">Grande adaptabilit\u00e9 \u00e0 l'environnement<\/strong><\/h4>\n<ul data-start=\"1386\" data-end=\"1623\">\n<li data-start=\"1386\" data-end=\"1446\">\n<p data-start=\"1388\" data-end=\"1446\"><strong data-start=\"1388\" data-end=\"1414\">Temp\u00e9rature de d\u00e9charge :<\/strong> De -20\u00b0C \u00e0 55\u00b0C (de -4\u00b0F \u00e0 131\u00b0F)<\/p>\n<\/li>\n<li data-start=\"1447\" data-end=\"1502\">\n<p data-start=\"1449\" data-end=\"1502\"><strong data-start=\"1449\" data-end=\"1472\">Temp\u00e9rature de charge :<\/strong> 0\u00b0C \u00e0 45\u00b0C (32\u00b0F \u00e0 113\u00b0F)<\/p>\n<\/li>\n<li data-start=\"1503\" data-end=\"1559\">\n<p data-start=\"1505\" data-end=\"1559\"><strong data-start=\"1505\" data-end=\"1529\">Temp\u00e9rature de stockage :<\/strong> De -5\u00b0C \u00e0 35\u00b0C (de 23\u00b0F \u00e0 95\u00b0F)<\/p>\n<\/li>\n<li data-start=\"1560\" data-end=\"1623\">\n<p data-start=\"1562\" data-end=\"1623\"><strong data-start=\"1562\" data-end=\"1588\">BMS High-Temp Cut-Off :<\/strong> 65\u00b0C (149\u00b0F) pour une s\u00e9curit\u00e9 accrue<\/p>\n<\/li>\n<\/ul>\n<h4 data-start=\"1625\" data-end=\"1679\"><strong data-start=\"1629\" data-end=\"1679\">Syst\u00e8me intelligent de gestion de la batterie int\u00e9gr\u00e9 (BMS)<\/strong><\/h4>\n<ul data-start=\"1680\" data-end=\"1939\">\n<li data-start=\"1680\" data-end=\"1758\">\n<p data-start=\"1682\" data-end=\"1758\">Surveillance en temps r\u00e9el de la tension, du courant, de la temp\u00e9rature et de l'\u00e9tat de charge<\/p>\n<\/li>\n<li data-start=\"1759\" data-end=\"1832\">\n<p data-start=\"1761\" data-end=\"1832\">Protection contre les surcharges, les d\u00e9charges excessives, les courts-circuits et la temp\u00e9rature<\/p>\n<\/li>\n<li data-start=\"1833\" data-end=\"1939\">\n<p data-start=\"1835\" data-end=\"1939\">Interfaces de communication : CAN, RS232, RS485 pour une int\u00e9gration facile avec les onduleurs hybrides et les syst\u00e8mes EMS<\/p>\n<\/li>\n<\/ul>\n<h4 data-start=\"1941\" data-end=\"1971\"><strong data-start=\"1945\" data-end=\"1971\">Applications polyvalentes<\/strong><\/h4>\n<ul data-start=\"1972\" data-end=\"2387\">\n<li data-start=\"1972\" data-end=\"2051\">\n<p data-start=\"1974\" data-end=\"2051\"><strong data-start=\"1974\" data-end=\"1997\">Syst\u00e8mes hybrides<\/strong> - Stocker l'\u00e9nergie solaire ou \u00e9olienne et optimiser l'utilisation du r\u00e9seau<\/p>\n<\/li>\n<li data-start=\"2052\" data-end=\"2158\">\n<p data-start=\"2054\" data-end=\"2158\"><strong data-start=\"2054\" data-end=\"2072\">\u00c9nergie hors r\u00e9seau<\/strong> - Fournir une \u00e9lectricit\u00e9 stable aux maisons isol\u00e9es, aux stations de t\u00e9l\u00e9communications et aux stations baln\u00e9aires.<\/p>\n<\/li>\n<li data-start=\"2159\" data-end=\"2280\">\n<p data-start=\"2161\" data-end=\"2280\"><strong data-start=\"2161\" data-end=\"2187\">Solutions d'alimentation de secours<\/strong> - Garantir une alimentation \u00e9lectrique ininterrompue pour les centres de donn\u00e9es, les h\u00f4pitaux et les installations industrielles<\/p>\n<\/li>\n<li data-start=\"2281\" data-end=\"2387\">\n<p data-start=\"2283\" data-end=\"2387\"><strong data-start=\"2283\" data-end=\"2328\">Gestion de l'\u00e9nergie dans le secteur commercial et industriel<\/strong> - R\u00e9duire les charges de pointe et am\u00e9liorer l'efficacit\u00e9 \u00e9nerg\u00e9tique<\/p>\n<\/li>\n<\/ul>\n<h4 data-start=\"2389\" data-end=\"2413\"><strong data-start=\"2393\" data-end=\"2413\">Pourquoi choisir JIEYO<\/strong><\/h4>\n<ul data-start=\"2414\" data-end=\"2788\">\n<li data-start=\"2414\" data-end=\"2499\">\n<p data-start=\"2416\" data-end=\"2499\"><strong data-start=\"2416\" data-end=\"2442\">Certifications mondiales :<\/strong> CE, UN38.3, UL1642 pour la conformit\u00e9 internationale en mati\u00e8re de s\u00e9curit\u00e9<\/p>\n<\/li>\n<li data-start=\"2500\" data-end=\"2596\">\n<p data-start=\"2502\" data-end=\"2596\"><strong data-start=\"2502\" data-end=\"2523\">Services OEM\/ODM :<\/strong> Des sp\u00e9cifications, une image de marque et un emballage sur mesure pour r\u00e9pondre aux besoins des partenaires<\/p>\n<\/li>\n<li data-start=\"2597\" data-end=\"2704\">\n<p data-start=\"2599\" data-end=\"2704\"><strong data-start=\"2599\" data-end=\"2622\">Fiabilit\u00e9 \u00e9prouv\u00e9e :<\/strong> Des milliers de d\u00e9ploiements dans les secteurs r\u00e9sidentiel, commercial et industriel<\/p>\n<\/li>\n<li data-start=\"2705\" data-end=\"2788\">\n<p data-start=\"2707\" data-end=\"2788\"><strong data-start=\"2707\" data-end=\"2729\">Support d\u00e9di\u00e9 :<\/strong> Consultation technique avant la vente et service apr\u00e8s-vente<\/p>\n<\/li>\n<\/ul>\n<hr data-start=\"2790\" data-end=\"2793\" \/>\n<p data-start=\"2795\" data-end=\"3019\"><strong data-start=\"2795\" data-end=\"2841\">Modules de batterie LiFePO4 mont\u00e9s en rack JIEYO<\/strong> combinent une densit\u00e9 \u00e9nerg\u00e9tique \u00e9lev\u00e9e, des caract\u00e9ristiques de s\u00e9curit\u00e9 exceptionnelles et une int\u00e9gration facile du syst\u00e8me, ce qui vous permet de b\u00e9n\u00e9ficier d'un stockage d'\u00e9nergie fiable, durable et \u00e9volutif pour les ann\u00e9es \u00e0 venir.<\/p>","protected":false},"excerpt":{"rendered":"<p>48v 100ah Lithium Batterie serveur Batterie Rack Lifepo4 19 Inch Rack Mount Lifepo4 Battery<\/p>\n<p>Batterie lithium-ion 51,2V 100Ah mont\u00e9e en rack, fournissant 5 \u00e0 10 kWh de stockage d'\u00e9nergie fiable pour les syst\u00e8mes de r\u00e9seaux hybrides. Avec une protection IP55, une dur\u00e9e de vie de plus de 6 000 cycles,<\/p>","protected":false},"featured_media":3996,"comment_status":"closed","ping_status":"closed","template":"","meta":[],"product_brand":[],"product_cat":[56],"product_tag":[52],"class_list":{"0":"post-2945","1":"product","2":"type-product","3":"status-publish","4":"has-post-thumbnail","6":"product_cat-racked-storage-system-battery","7":"product_tag-high-voltage-battery","9":"first","10":"instock","11":"shipping-taxable","12":"product-type-simple"},"_links":{"self":[{"href":"https:\/\/jieyobattery.com\/fr\/wp-json\/wp\/v2\/product\/2945","targetHints":{"allow":["GET"]}}],"collection":[{"href":"https:\/\/jieyobattery.com\/fr\/wp-json\/wp\/v2\/product"}],"about":[{"href":"https:\/\/jieyobattery.com\/fr\/wp-json\/wp\/v2\/types\/product"}],"replies":[{"embeddable":true,"href":"https:\/\/jieyobattery.com\/fr\/wp-json\/wp\/v2\/comments?post=2945"}],"wp:featuredmedia":[{"embeddable":true,"href":"https:\/\/jieyobattery.com\/fr\/wp-json\/wp\/v2\/media\/3996"}],"wp:attachment":[{"href":"https:\/\/jieyobattery.com\/fr\/wp-json\/wp\/v2\/media?parent=2945"}],"wp:term":[{"taxonomy":"product_brand","embeddable":true,"href":"https:\/\/jieyobattery.com\/fr\/wp-json\/wp\/v2\/product_brand?post=2945"},{"taxonomy":"product_cat","embeddable":true,"href":"https:\/\/jieyobattery.com\/fr\/wp-json\/wp\/v2\/product_cat?post=2945"},{"taxonomy":"product_tag","embeddable":true,"href":"https:\/\/jieyobattery.com\/fr\/wp-json\/wp\/v2\/product_tag?post=2945"}],"curies":[{"name":"wp","href":"https:\/\/api.w.org\/{rel}","templated":true}]}}